{"id":209,"date":"2025-08-18T22:00:46","date_gmt":"2025-08-18T22:00:46","guid":{"rendered":"http:\/\/www.modernperde.com.tr\/?page_id=209"},"modified":"2025-12-18T13:26:58","modified_gmt":"2025-12-18T13:26:58","slug":"hakkimizda","status":"publish","type":"page","link":"http:\/\/www.modernperde.com.tr\/index.php\/hakkimizda\/","title":{"rendered":"HAKKIMIZDA"},"content":{"rendered":"\n<p><\/p>\n\n\n\n<p><strong>Modern Perde&#8217;ye Ho\u015fgeldiniz&#8230;<\/strong><\/p>\n\n\n\n<div class=\"wp-block-group is-nowrap is-layout-flex wp-container-core-group-is-layout-6c531013 wp-block-group-is-layout-flex\">\n<p>Modern Perde, perde, t\u00fcl ve jaluzi sistemlerinin yan\u0131 s\u0131ra ayna, duvar paneli, yatak \u00f6rt\u00fcs\u00fc, duvar ka\u011f\u0131d\u0131, d\u00f6\u015feme ve perde aksesuarlar\u0131 \u00fcr\u00fcnlerinde de hizmet verir.<br>Her mek\u00e2na \u00f6zel tasar\u0131m ve uygulama \u00e7\u00f6z\u00fcmleriyle estetik ve i\u015flevselli\u011fi bir araya getirir.<br>Konut, villa, otel ve ofis projelerinde b\u00fct\u00fcnc\u00fcl dekorasyon anlay\u0131\u015f\u0131yla \u00f6ne \u00e7\u0131kar.<br>\u00dccretsiz ke\u015fif, tasar\u0131m ve profesyonel montaj hizmetleriyle m\u00fc\u015fteri memnuniyetini \u00f6n planda tutar.<\/p>\n\n\n\n<figure class=\"wp-block-image size-full is-resized\"><img loading=\"lazy\" decoding=\"async\" width=\"1520\" height=\"1314\" src=\"https:\/\/www.modernperde.com.tr\/wp-content\/uploads\/2025\/12\/0535051-4848.jpg\" alt=\"\" class=\"wp-image-790\" style=\"width:748px;height:auto\" srcset=\"http:\/\/www.modernperde.com.tr\/wp-content\/uploads\/2025\/12\/0535051-4848.jpg 1520w, http:\/\/www.modernperde.com.tr\/wp-content\/uploads\/2025\/12\/0535051-4848-300x259.jpg 300w, http:\/\/www.modernperde.com.tr\/wp-content\/uploads\/2025\/12\/0535051-4848-1024x885.jpg 1024w, http:\/\/www.modernperde.com.tr\/wp-content\/uploads\/2025\/12\/0535051-4848-768x664.jpg 768w\" sizes=\"auto, (max-width: 1520px) 100vw, 1520px\" \/><figcaption class=\"wp-element-caption\">0535051 4848 &#8211; 2<\/figcaption><\/figure>\n<\/div>\n\n\n\n<ul class=\"wp-block-list\">\n<li>\u00dccretsiz Ke\u015fif \u2022 Sunum \u2022 Montaj<\/li>\n\n\n\n<li>T\u00fcl \u2022 Fon \u2022 Stor \u2022 Zebra<\/li>\n\n\n\n<li>Zip \u2022 Blackout<\/li>\n\n\n\n<li>Ah\u015fap Jaluzi<\/li>\n\n\n\n<li>Plicell<\/li>\n\n\n\n<li>Motorlu Sistemler<\/li>\n\n\n\n<li>D\u0131\u015f Mekan G\u00f6lgelendirme<\/li>\n\n\n\n<li>D\u00f6\u015feme<\/li>\n\n\n\n<li>Duvar Ka\u011f\u0131d\u0131<\/li>\n\n\n\n<li>Hal\u0131 <\/li>\n\n\n\n<li>K\u0131rlent \u2022 Yatak \u00d6rt\u00fcs\u00fc \u2022 Runner<\/li>\n\n\n\n<li>Aksesuarlar<\/li>\n\n\n\n<li>Otel \u2022 Karavan \u2022 Yat \u2022 Villa \u2022 Ofis \u2022 Konut<\/li>\n\n\n\n<li>Duvar Paneli \u2022 Ayna<\/li>\n\n\n\n<li>\u0130\u00e7 Mimarl\u0131k \u2022 Tasar\u0131m \u2022 Uygulama<\/li>\n\n\n\n<li>Anahtar Teslim Proje<\/li>\n<\/ul>\n\n\n\n<hr class=\"wp-block-separator has-alpha-channel-opacity\"\/>\n\n\n\n<p>Mavi\u015fehir ve Menemen\u2019de bulunan iki \u015fubemizle, kullan\u0131c\u0131lar\u0131n ihtiya\u00e7lar\u0131n\u0131 do\u011fru analiz ederek ki\u015fiye \u00f6zel tasar\u0131m ve uygulama hizmeti veriyoruz. Do\u011fru malzeme se\u00e7imi, \u015f\u0131k detaylar ve titiz montaj s\u00fcre\u00e7leri ile hem estetik hem de uzun \u00f6m\u00fcrl\u00fc sonu\u00e7lar elde etmeyi \u00f6nceli\u011fimiz olarak g\u00f6r\u00fcyoruz.<\/p>\n\n\n\n<p>Modern Perde olarak, beklentilerinizi en iyi \u015fekilde kar\u015f\u0131layan, mek\u00e2nlar\u0131n\u0131za de\u011fer katan \u00e7\u00f6z\u00fcmler \u00fcretmek i\u00e7in buraday\u0131z. Sizi de ma\u011fazalar\u0131m\u0131zda a\u011f\u0131rlamaktan memnuniyet duyar\u0131z.<\/p>\n\n\n\n<hr class=\"wp-block-separator has-alpha-channel-opacity\"\/>\n\n\n\n<p><strong>Modern Perde<\/strong> olarak, evinizin ve i\u015f yerinizin atmosferini de\u011fi\u015ftirecek \u00f6zel perde \u00e7\u00f6z\u00fcmleri sunuyoruz. Her tarza ve mek\u00e2na uyum sa\u011flayan \u00fcr\u00fcnlerimizle, dekorasyonunuza \u015f\u0131kl\u0131k ve konfor kat\u0131yoruz.<\/p>\n\n\n\n<p>Perde yaln\u0131zca bir aksesuar de\u011fil, ayn\u0131 zamanda ya\u015fam alanlar\u0131n\u0131n ruhunu belirleyen en \u00f6nemli detayd\u0131r. Biz de Modern Perde\u2019de, kaliteli kuma\u015flar\u0131m\u0131z, estetik tasar\u0131mlar\u0131m\u0131z ve i\u015flevsel sistemlerimizle size en iyi se\u00e7enekleri sunuyoruz.<\/p>\n\n\n\n<p>\u00dcstelik sadece perde de\u011fil; d\u00f6\u015feme, duvar ka\u011f\u0131d\u0131, hal\u0131, , ayna ve daha bir\u00e7ok dekorasyon \u00fcr\u00fcn\u00fcyle ya\u015fam alanlar\u0131n\u0131za b\u00fct\u00fcnsel \u00e7\u00f6z\u00fcmler sunuyoruz.<\/p>\n\n\n\n<p>M\u00fc\u015fterilerimizin beklentilerini \u00f6n planda tutarak; \u015f\u0131k, dayan\u0131kl\u0131 ve uzun \u00f6m\u00fcrl\u00fc perdelerimizle mekanlar\u0131n\u0131za zarafet ve karakter kat\u0131yoruz. Siz de hayalinizdeki perdeye ula\u015fmak i\u00e7in bizimle ileti\u015fime ge\u00e7in, evinize modern bir dokunu\u015f yap\u0131n!<\/p>\n\n\n\n<p>\u0130\u00e7 mimarl\u0131k, proje tasar\u0131m, uygulama ve anahtar teslim hizmetlerimizle mek\u00e2nlar\u0131n\u0131z\u0131 profesyonelce tasarlay\u0131p eksiksiz \u015fekilde hayata ge\u00e7iriyoruz.<\/p>\n\n\n\n<ul class=\"wp-block-list\">\n<li>Zengin \u00dcr\u00fcn \u00c7e\u015fitlili\u011fi<\/li>\n\n\n\n<li>Modern ve Yenilik\u00e7i Tasar\u0131mlar<\/li>\n\n\n\n<li>Uygun Fiyat Se\u00e7enekleri<\/li>\n\n\n\n<li>Profesyonel Montaj ve H\u0131zl\u0131 Teslimat<\/li>\n\n\n\n<li>%100 M\u00fc\u015fteri Memnuniyeti<\/li>\n<\/ul>\n\n\n\n<hr class=\"wp-block-separator has-alpha-channel-opacity\"\/>\n\n\n\n<p><strong>Modern Perde olarak, Plicell Ege\u2019nin Yetkili Sat\u0131\u015f Noktas\u0131y\u0131z!<\/strong><br>M\u00fc\u015fterilerimize yaln\u0131zca orijinal Plicell \u00fcr\u00fcnlerini sunuyor, kalite ve g\u00fcveni garanti ediyoruz. Geni\u015f \u00fcr\u00fcn yelpazemizle ya\u015fam alanlar\u0131n\u0131za estetik, fonksiyonellik ve uzun \u00f6m\u00fcrl\u00fc \u00e7\u00f6z\u00fcmler kazand\u0131r\u0131yoruz.<br>Yetkili sat\u0131\u015f noktas\u0131 olman\u0131n ayr\u0131cal\u0131\u011f\u0131yla, en g\u00fcncel \u00fcr\u00fcnleri ve profesyonel destek hizmetini Modern Perde fark\u0131yla sizlerle bulu\u015fturuyoruz.<\/p>\n\n\n\n<figure class=\"wp-block-image aligncenter size-full is-resized is-style-default\"><img loading=\"lazy\" decoding=\"async\" width=\"879\" height=\"710\" src=\"http:\/\/www.modernperde.com.tr\/wp-content\/uploads\/2025\/08\/urunler-kopyasi.jpg\" alt=\"\" class=\"wp-image-216\" style=\"width:323px;height:auto\" srcset=\"http:\/\/www.modernperde.com.tr\/wp-content\/uploads\/2025\/08\/urunler-kopyasi.jpg 879w, http:\/\/www.modernperde.com.tr\/wp-content\/uploads\/2025\/08\/urunler-kopyasi-300x242.jpg 300w, http:\/\/www.modernperde.com.tr\/wp-content\/uploads\/2025\/08\/urunler-kopyasi-768x620.jpg 768w\" sizes=\"auto, (max-width: 879px) 100vw, 879px\" \/><\/figure>\n","protected":false},"excerpt":{"rendered":"<p>Modern Perde&#8217;ye Ho\u015fgeldiniz&#8230; Modern Perde, perde, t\u00fcl ve jaluzi sistemlerinin yan\u0131 s\u0131ra ayna, duvar paneli, yatak \u00f6rt\u00fcs\u00fc, duvar ka\u011f\u0131d\u0131, d\u00f6\u015feme ve perde aksesuarlar\u0131 \u00fcr\u00fcnlerinde de hizmet verir.Her mek\u00e2na \u00f6zel tasar\u0131m ve uygulama \u00e7\u00f6z\u00fcmleriyle estetik ve i\u015flevselli\u011fi bir araya getirir.Konut, villa, otel ve ofis projelerinde b\u00fct\u00fcnc\u00fcl dekorasyon anlay\u0131\u015f\u0131yla \u00f6ne \u00e7\u0131kar.\u00dccretsiz ke\u015fif, tasar\u0131m ve profesyonel montaj hizmetleriyle [&hellip;]<\/p>\n","protected":false},"author":1,"featured_media":0,"parent":0,"menu_order":0,"comment_status":"open","ping_status":"closed","template":"","meta":{"footnotes":""},"class_list":["post-209","page","type-page","status-publish","hentry"],"_links":{"self":[{"href":"http:\/\/www.modernperde.com.tr\/index.php\/wp-json\/wp\/v2\/pages\/209","targetHints":{"allow":["GET"]}}],"collection":[{"href":"http:\/\/www.modernperde.com.tr\/index.php\/wp-json\/wp\/v2\/pages"}],"about":[{"href":"http:\/\/www.modernperde.com.tr\/index.php\/wp-json\/wp\/v2\/types\/page"}],"author":[{"embeddable":true,"href":"http:\/\/www.modernperde.com.tr\/index.php\/wp-json\/wp\/v2\/users\/1"}],"replies":[{"embeddable":true,"href":"http:\/\/www.modernperde.com.tr\/index.php\/wp-json\/wp\/v2\/comments?post=209"}],"version-history":[{"count":19,"href":"http:\/\/www.modernperde.com.tr\/index.php\/wp-json\/wp\/v2\/pages\/209\/revisions"}],"predecessor-version":[{"id":791,"href":"http:\/\/www.modernperde.com.tr\/index.php\/wp-json\/wp\/v2\/pages\/209\/revisions\/791"}],"wp:attachment":[{"href":"http:\/\/www.modernperde.com.tr\/index.php\/wp-json\/wp\/v2\/media?parent=209"}],"curies":[{"name":"wp","href":"https:\/\/api.w.org\/{rel}","templated":true}]}}