{"id":239,"date":"2025-08-20T13:49:59","date_gmt":"2025-08-20T13:49:59","guid":{"rendered":"http:\/\/www.modernperde.com.tr\/?page_id=239"},"modified":"2025-08-20T14:57:49","modified_gmt":"2025-08-20T14:57:49","slug":"vizyonumuz","status":"publish","type":"page","link":"http:\/\/www.modernperde.com.tr\/index.php\/vizyonumuz\/","title":{"rendered":"V\u0130ZYONUMUZ"},"content":{"rendered":"\n<p><strong>Modern Perde&#8217;nin Vizyonu<\/strong><\/p>\n\n\n\n<p><strong>Modern Perde<\/strong>&nbsp;olarak amac\u0131m\u0131z; estetik ile fonksiyonelli\u011fi bir araya getirerek ya\u015fam alanlar\u0131na yenilik\u00e7i \u00e7\u00f6z\u00fcmler sunmakt\u0131r. Her mek\u00e2na \u00f6zel, \u00f6zg\u00fcn ve y\u00fcksek kaliteli tasar\u0131mlar\u0131m\u0131zla hem T\u00fcrkiye\u2019de hem de global pazarda fark yaratmay\u0131 hedefliyoruz.<\/p>\n\n\n\n<p>M\u00fc\u015fterilerimize yaln\u0131zca \u00fcr\u00fcn de\u011fil, ayn\u0131 zamanda ya\u015fam alanlar\u0131n\u0131 d\u00f6n\u00fc\u015ft\u00fcren bir deneyim sunmay\u0131 vizyon ediniyoruz. Bu do\u011frultuda, s\u00fcrekli geli\u015fen trendleri takip ediyor, modern \u00e7izgileri kullan\u0131c\u0131 odakl\u0131 tasar\u0131mlarla bulu\u015fturuyoruz.<\/p>\n\n\n\n<hr class=\"wp-block-separator has-alpha-channel-opacity\"\/>\n\n\n\n<p><strong>Vizyonumuzun Temel Maddeleri<\/strong><\/p>\n\n\n\n<ul class=\"wp-block-list\">\n<li><strong>Estetik &amp; Fonksiyonellik:<\/strong>&nbsp;\u015e\u0131kl\u0131\u011f\u0131 ve kullan\u0131m kolayl\u0131\u011f\u0131n\u0131 ayn\u0131 anda sa\u011flayan perde \u00e7\u00f6z\u00fcmleri \u00fcretmek.<\/li>\n\n\n\n<li><strong>Yenilik\u00e7i Tasar\u0131mlar:<\/strong>&nbsp;Global trendlere uyum sa\u011flayan, ayn\u0131 zamanda \u00f6zg\u00fcn kimli\u011fini koruyan tasar\u0131mlar geli\u015ftirmek. Yaln\u0131zca perde de\u011fil, daha fazlas\u0131n\u0131 m\u00fc\u015fterilerimize sunmak.<\/li>\n\n\n\n<li><strong>Ki\u015fiye \u00d6zel Yakla\u015f\u0131m:<\/strong>&nbsp;Her mek\u00e2n\u0131n ruhuna uygun, kullan\u0131c\u0131lar\u0131n ihtiya\u00e7lar\u0131na \u00f6zel \u00e7\u00f6z\u00fcmler sunmak.<\/li>\n\n\n\n<li><strong>Kalite &amp; G\u00fcven:<\/strong>&nbsp;Uzun \u00f6m\u00fcrl\u00fc, y\u00fcksek kaliteli malzemeler ve titiz i\u015f\u00e7ilikle g\u00fcvenilir \u00fcr\u00fcnler \u00fcretmek.<\/li>\n\n\n\n<li><strong>Uluslararas\u0131 Hedef:<\/strong>&nbsp;Global pazarda Modern Perde markas\u0131n\u0131 g\u00fc\u00e7l\u00fc bir \u015fekilde konumland\u0131rmak.<\/li>\n<\/ul>\n\n\n\n<p>Modern Perde, ya\u015fam alanlar\u0131n\u0131za de\u011fer katan modern \u00e7izgileri, i\u015flevselli\u011fi ve kaliteyi ayn\u0131 potada bulu\u015fturarak&nbsp;<strong>\u201cesteti\u011fin perde arkas\u0131ndaki g\u00fcc\u00fc\u201d<\/strong>&nbsp;olmay\u0131 vizyon edinmi\u015ftir.<\/p>\n","protected":false},"excerpt":{"rendered":"<p>Modern Perde&#8217;nin Vizyonu Modern Perde&nbsp;olarak amac\u0131m\u0131z; estetik ile fonksiyonelli\u011fi bir araya getirerek ya\u015fam alanlar\u0131na yenilik\u00e7i \u00e7\u00f6z\u00fcmler sunmakt\u0131r. Her mek\u00e2na \u00f6zel, \u00f6zg\u00fcn ve y\u00fcksek kaliteli tasar\u0131mlar\u0131m\u0131zla hem T\u00fcrkiye\u2019de hem de global pazarda fark yaratmay\u0131 hedefliyoruz. M\u00fc\u015fterilerimize yaln\u0131zca \u00fcr\u00fcn de\u011fil, ayn\u0131 zamanda ya\u015fam alanlar\u0131n\u0131 d\u00f6n\u00fc\u015ft\u00fcren bir deneyim sunmay\u0131 vizyon ediniyoruz. Bu do\u011frultuda, s\u00fcrekli geli\u015fen trendleri takip ediyor, [&hellip;]<\/p>\n","protected":false},"author":1,"featured_media":0,"parent":0,"menu_order":0,"comment_status":"closed","ping_status":"closed","template":"","meta":{"footnotes":""},"class_list":["post-239","page","type-page","status-publish","hentry"],"_links":{"self":[{"href":"http:\/\/www.modernperde.com.tr\/index.php\/wp-json\/wp\/v2\/pages\/239","targetHints":{"allow":["GET"]}}],"collection":[{"href":"http:\/\/www.modernperde.com.tr\/index.php\/wp-json\/wp\/v2\/pages"}],"about":[{"href":"http:\/\/www.modernperde.com.tr\/index.php\/wp-json\/wp\/v2\/types\/page"}],"author":[{"embeddable":true,"href":"http:\/\/www.modernperde.com.tr\/index.php\/wp-json\/wp\/v2\/users\/1"}],"replies":[{"embeddable":true,"href":"http:\/\/www.modernperde.com.tr\/index.php\/wp-json\/wp\/v2\/comments?post=239"}],"version-history":[{"count":5,"href":"http:\/\/www.modernperde.com.tr\/index.php\/wp-json\/wp\/v2\/pages\/239\/revisions"}],"predecessor-version":[{"id":264,"href":"http:\/\/www.modernperde.com.tr\/index.php\/wp-json\/wp\/v2\/pages\/239\/revisions\/264"}],"wp:attachment":[{"href":"http:\/\/www.modernperde.com.tr\/index.php\/wp-json\/wp\/v2\/media?parent=239"}],"curies":[{"name":"wp","href":"https:\/\/api.w.org\/{rel}","templated":true}]}}