{"id":269,"date":"2025-08-21T09:18:38","date_gmt":"2025-08-21T09:18:38","guid":{"rendered":"http:\/\/www.modernperde.com.tr\/?page_id=269"},"modified":"2025-09-13T13:20:17","modified_gmt":"2025-09-13T13:20:17","slug":"kesif","status":"publish","type":"page","link":"http:\/\/www.modernperde.com.tr\/index.php\/kesif\/","title":{"rendered":"KE\u015e\u0130F"},"content":{"rendered":"\n<p><strong>\u00dccretsiz Ke\u015fif, Sunum, Tasar\u0131m ve Montaj Hizmetimiz&#8230;<\/strong><\/p>\n\n\n\n<p>Modern Perde olarak, tasar\u0131m s\u00fcrecine att\u0131\u011f\u0131n\u0131z ilk ad\u0131mda size <strong>\u00f6zel VIP ke\u015fif ayr\u0131cal\u0131\u011f\u0131<\/strong> sunuyoruz. Profesyonel ekibimiz, belirlenen randevu saatinde adresinize gelir ve mek\u00e2n\u0131n\u0131z\u0131 en ince ayr\u0131nt\u0131s\u0131na kadar inceler.<\/p>\n\n\n\n<ul class=\"wp-block-list\">\n<li>Mek\u00e2n\u0131n\u0131z\u0131 detayl\u0131 \u015fekilde inceleyip, t\u00fcm \u00f6l\u00e7\u00fcmleri hassasiyetle yap\u0131yoruz.<\/li>\n\n\n\n<li>Ya\u015fam tarz\u0131n\u0131z\u0131 ve ihtiya\u00e7lar\u0131n\u0131z\u0131 dinleyerek size en uygun \u00e7\u00f6z\u00fcmleri belirliyoruz.<\/li>\n\n\n\n<li>Mek\u00e2n\u0131n ruhunu \u00f6ne \u00e7\u0131karacak <strong>ki\u015fiselle\u015ftirilmi\u015f \u00f6neriler<\/strong> geli\u015ftiriyoruz.<\/li>\n<\/ul>\n\n\n\n<p>\u0130lk ad\u0131mdan itibaren, kendinizi \u00f6zel hissettiren bir s\u00fcre\u00e7 ba\u015flat\u0131yoruz.<\/p>\n\n\n\n<p><\/p>\n","protected":false},"excerpt":{"rendered":"<p>\u00dccretsiz Ke\u015fif, Sunum, Tasar\u0131m ve Montaj Hizmetimiz&#8230; Modern Perde olarak, tasar\u0131m s\u00fcrecine att\u0131\u011f\u0131n\u0131z ilk ad\u0131mda size \u00f6zel VIP ke\u015fif ayr\u0131cal\u0131\u011f\u0131 sunuyoruz. Profesyonel ekibimiz, belirlenen randevu saatinde adresinize gelir ve mek\u00e2n\u0131n\u0131z\u0131 en ince ayr\u0131nt\u0131s\u0131na kadar inceler. \u0130lk ad\u0131mdan itibaren, kendinizi \u00f6zel hissettiren bir s\u00fcre\u00e7 ba\u015flat\u0131yoruz.<\/p>\n","protected":false},"author":1,"featured_media":0,"parent":0,"menu_order":0,"comment_status":"open","ping_status":"closed","template":"","meta":{"footnotes":""},"class_list":["post-269","page","type-page","status-publish","hentry"],"_links":{"self":[{"href":"http:\/\/www.modernperde.com.tr\/index.php\/wp-json\/wp\/v2\/pages\/269","targetHints":{"allow":["GET"]}}],"collection":[{"href":"http:\/\/www.modernperde.com.tr\/index.php\/wp-json\/wp\/v2\/pages"}],"about":[{"href":"http:\/\/www.modernperde.com.tr\/index.php\/wp-json\/wp\/v2\/types\/page"}],"author":[{"embeddable":true,"href":"http:\/\/www.modernperde.com.tr\/index.php\/wp-json\/wp\/v2\/users\/1"}],"replies":[{"embeddable":true,"href":"http:\/\/www.modernperde.com.tr\/index.php\/wp-json\/wp\/v2\/comments?post=269"}],"version-history":[{"count":1,"href":"http:\/\/www.modernperde.com.tr\/index.php\/wp-json\/wp\/v2\/pages\/269\/revisions"}],"predecessor-version":[{"id":272,"href":"http:\/\/www.modernperde.com.tr\/index.php\/wp-json\/wp\/v2\/pages\/269\/revisions\/272"}],"wp:attachment":[{"href":"http:\/\/www.modernperde.com.tr\/index.php\/wp-json\/wp\/v2\/media?parent=269"}],"curies":[{"name":"wp","href":"https:\/\/api.w.org\/{rel}","templated":true}]}}