{"id":273,"date":"2025-08-21T09:21:24","date_gmt":"2025-08-21T09:21:24","guid":{"rendered":"http:\/\/www.modernperde.com.tr\/?page_id=273"},"modified":"2025-12-04T15:05:35","modified_gmt":"2025-12-04T15:05:35","slug":"sunum","status":"publish","type":"page","link":"http:\/\/www.modernperde.com.tr\/index.php\/sunum\/","title":{"rendered":"SUNUM"},"content":{"rendered":"\n<p><strong>\u00dccretsiz Ke\u015fif, Sunum, Tasar\u0131m ve Montaj Hizmetimiz&#8230;<\/strong><\/p>\n\n\n\n<p>Ke\u015fiften sonra, tasar\u0131m s\u00fcrecini s\u0131radan bir sunum olmaktan \u00e7\u0131kar\u0131yor, onu size \u00f6zel haz\u0131rlanm\u0131\u015f bir <strong>deneyime<\/strong> d\u00f6n\u00fc\u015ft\u00fcr\u00fcyoruz.<\/p>\n\n\n\n<ul class=\"wp-block-list\">\n<li>\u00c7\u00f6z\u00fcmlerimizi do\u011frudan mek\u00e2n \u00fczerinde g\u00f6rselle\u015ftiriyoruz.<\/li>\n\n\n\n<li>Renk, doku ve malzeme se\u00e7eneklerini birebir tan\u0131t\u0131yoruz.<\/li>\n\n\n\n<li>Alternatifleri tasar\u0131mc\u0131lar\u0131m\u0131z taraf\u0131ndan g\u00f6rselle\u015ftirerek karar s\u00fcrecinizi keyifli ve kolay hale getiriyoruz.<\/li>\n<\/ul>\n\n\n\n<p>B\u00f6ylece kendinizi yaln\u0131zca bir m\u00fc\u015fteri de\u011fil, tasar\u0131m s\u00fcrecinin <strong>ger\u00e7ek sahibi<\/strong> gibi hissediyorsunuz.<\/p>\n\n\n\n<p><\/p>\n","protected":false},"excerpt":{"rendered":"<p>\u00dccretsiz Ke\u015fif, Sunum, Tasar\u0131m ve Montaj Hizmetimiz&#8230; Ke\u015fiften sonra, tasar\u0131m s\u00fcrecini s\u0131radan bir sunum olmaktan \u00e7\u0131kar\u0131yor, onu size \u00f6zel haz\u0131rlanm\u0131\u015f bir deneyime d\u00f6n\u00fc\u015ft\u00fcr\u00fcyoruz. B\u00f6ylece kendinizi yaln\u0131zca bir m\u00fc\u015fteri de\u011fil, tasar\u0131m s\u00fcrecinin ger\u00e7ek sahibi gibi hissediyorsunuz.<\/p>\n","protected":false},"author":1,"featured_media":0,"parent":0,"menu_order":0,"comment_status":"closed","ping_status":"closed","template":"","meta":{"footnotes":""},"class_list":["post-273","page","type-page","status-publish","hentry"],"_links":{"self":[{"href":"http:\/\/www.modernperde.com.tr\/index.php\/wp-json\/wp\/v2\/pages\/273","targetHints":{"allow":["GET"]}}],"collection":[{"href":"http:\/\/www.modernperde.com.tr\/index.php\/wp-json\/wp\/v2\/pages"}],"about":[{"href":"http:\/\/www.modernperde.com.tr\/index.php\/wp-json\/wp\/v2\/types\/page"}],"author":[{"embeddable":true,"href":"http:\/\/www.modernperde.com.tr\/index.php\/wp-json\/wp\/v2\/users\/1"}],"replies":[{"embeddable":true,"href":"http:\/\/www.modernperde.com.tr\/index.php\/wp-json\/wp\/v2\/comments?post=273"}],"version-history":[{"count":2,"href":"http:\/\/www.modernperde.com.tr\/index.php\/wp-json\/wp\/v2\/pages\/273\/revisions"}],"predecessor-version":[{"id":760,"href":"http:\/\/www.modernperde.com.tr\/index.php\/wp-json\/wp\/v2\/pages\/273\/revisions\/760"}],"wp:attachment":[{"href":"http:\/\/www.modernperde.com.tr\/index.php\/wp-json\/wp\/v2\/media?parent=273"}],"curies":[{"name":"wp","href":"https:\/\/api.w.org\/{rel}","templated":true}]}}