{"id":277,"date":"2025-08-21T09:24:38","date_gmt":"2025-08-21T09:24:38","guid":{"rendered":"http:\/\/www.modernperde.com.tr\/?page_id=277"},"modified":"2025-09-13T13:20:17","modified_gmt":"2025-09-13T13:20:17","slug":"montaj","status":"publish","type":"page","link":"http:\/\/www.modernperde.com.tr\/index.php\/montaj\/","title":{"rendered":"MONTAJ"},"content":{"rendered":"\n<p><strong>\u00dccretsiz Ke\u015fif, Sunum, Tasar\u0131m ve Montaj Hizmetimiz&#8230;<\/strong><\/p>\n\n\n\n<p>Tasar\u0131m\u0131n hayata ge\u00e7ti\u011fi, mek\u00e2n\u0131n\u0131za son dokunu\u015flar\u0131n yap\u0131ld\u0131\u011f\u0131 a\u015fama: <strong>Montaj<\/strong>. Burada hedefimiz yaln\u0131zca uygulama yapmak de\u011fil, size konforlu bir deneyim sunmakt\u0131r.<\/p>\n\n\n\n<ul class=\"wp-block-list\">\n<li>Profesyonel montaj ekibimiz titizlikle \u00e7al\u0131\u015f\u0131yor.<\/li>\n\n\n\n<li>Tozsuz, sessiz ve temiz ekipmanlarla evinizi yormadan montaj yap\u0131yoruz.<\/li>\n\n\n\n<li>H\u0131zl\u0131, g\u00fcvenilir ve kusursuz sonu\u00e7 ortaya koyuyoruz.<\/li>\n<\/ul>\n\n\n\n<p>Montaj tamamland\u0131\u011f\u0131nda, evinize \u015f\u0131kl\u0131\u011f\u0131n modern imzas\u0131n\u0131 atarak ayr\u0131l\u0131r\u0131z.<\/p>\n\n\n\n<p><\/p>\n","protected":false},"excerpt":{"rendered":"<p>\u00dccretsiz Ke\u015fif, Sunum, Tasar\u0131m ve Montaj Hizmetimiz&#8230; Tasar\u0131m\u0131n hayata ge\u00e7ti\u011fi, mek\u00e2n\u0131n\u0131za son dokunu\u015flar\u0131n yap\u0131ld\u0131\u011f\u0131 a\u015fama: Montaj. Burada hedefimiz yaln\u0131zca uygulama yapmak de\u011fil, size konforlu bir deneyim sunmakt\u0131r. Montaj tamamland\u0131\u011f\u0131nda, evinize \u015f\u0131kl\u0131\u011f\u0131n modern imzas\u0131n\u0131 atarak ayr\u0131l\u0131r\u0131z.<\/p>\n","protected":false},"author":1,"featured_media":0,"parent":0,"menu_order":0,"comment_status":"open","ping_status":"closed","template":"","meta":{"footnotes":""},"class_list":["post-277","page","type-page","status-publish","hentry"],"_links":{"self":[{"href":"http:\/\/www.modernperde.com.tr\/index.php\/wp-json\/wp\/v2\/pages\/277","targetHints":{"allow":["GET"]}}],"collection":[{"href":"http:\/\/www.modernperde.com.tr\/index.php\/wp-json\/wp\/v2\/pages"}],"about":[{"href":"http:\/\/www.modernperde.com.tr\/index.php\/wp-json\/wp\/v2\/types\/page"}],"author":[{"embeddable":true,"href":"http:\/\/www.modernperde.com.tr\/index.php\/wp-json\/wp\/v2\/users\/1"}],"replies":[{"embeddable":true,"href":"http:\/\/www.modernperde.com.tr\/index.php\/wp-json\/wp\/v2\/comments?post=277"}],"version-history":[{"count":1,"href":"http:\/\/www.modernperde.com.tr\/index.php\/wp-json\/wp\/v2\/pages\/277\/revisions"}],"predecessor-version":[{"id":278,"href":"http:\/\/www.modernperde.com.tr\/index.php\/wp-json\/wp\/v2\/pages\/277\/revisions\/278"}],"wp:attachment":[{"href":"http:\/\/www.modernperde.com.tr\/index.php\/wp-json\/wp\/v2\/media?parent=277"}],"curies":[{"name":"wp","href":"https:\/\/api.w.org\/{rel}","templated":true}]}}