{"id":306,"date":"2025-08-22T16:46:59","date_gmt":"2025-08-22T16:46:59","guid":{"rendered":"http:\/\/www.modernperde.com.tr\/?page_id=306"},"modified":"2025-12-04T15:20:10","modified_gmt":"2025-12-04T15:20:10","slug":"villa-projeleri","status":"publish","type":"page","link":"http:\/\/www.modernperde.com.tr\/index.php\/villa-projeleri\/","title":{"rendered":"V\u0130LLA PROJELER\u0130"},"content":{"rendered":"\n<p><strong>Villa Projelerimiz<\/strong><\/p>\n\n\n\n<p>Villa projelerinde amac\u0131m\u0131z, geni\u015f ya\u015fam alanlar\u0131n\u0131za hem estetik hem de fonksiyonel \u00e7\u00f6z\u00fcmler getirerek mek\u00e2n\u0131n\u0131z\u0131 bamba\u015fka bir seviyeye ta\u015f\u0131makt\u0131r. Villalar, kendine has mimarisi ve geni\u015f kullan\u0131m alanlar\u0131yla s\u0131radan evlerden ayr\u0131l\u0131r; biz de bu ayr\u0131cal\u0131\u011f\u0131 yans\u0131tacak tasar\u0131mlar sunuyoruz. \u00dccretsiz \u00f6l\u00e7\u00fc ve ke\u015fif hizmetimizle villan\u0131z\u0131 yerinde inceliyor, mek\u00e2n\u0131n ihtiya\u00e7lar\u0131n\u0131 en ince detay\u0131na kadar analiz ediyoruz. Ard\u0131ndan, sadece \u00fcr\u00fcn de\u011fil, mimari bir vizyon sunarak ki\u015fiye \u00f6zel \u00e7\u00f6z\u00fcmler geli\u015ftiriyoruz. Villa sahiplerinin beklentilerini kar\u015f\u0131laman\u0131n \u00f6tesine ge\u00e7iyor, hayallerini ger\u00e7e\u011fe d\u00f6n\u00fc\u015ft\u00fcr\u00fcyoruz.<\/p>\n\n\n\n<p>T\u00fcm bu s\u00fcreci \u015feffaf ve ki\u015fiye \u00f6zel hale getirmek i\u00e7in tasar\u0131m a\u015famas\u0131nda 3D mimari g\u00f6rseller sunuyoruz. B\u00f6ylece yap\u0131lacak her uygulamay\u0131 \u00f6nceden deneyimlemenize imk\u00e2n sa\u011fl\u0131yor, farkl\u0131 se\u00e7enekleri sizinle birlikte de\u011ferlendiriyoruz. \u00d6zel \u00f6l\u00e7\u00fc perdeler, d\u00f6\u015feme, duvar ka\u011f\u0131tlar\u0131, hal\u0131 kaplama \u00e7\u00f6z\u00fcmleri, dekoratif aynalar, duvar panelleri  ve tamamlay\u0131c\u0131 tekstil \u00fcr\u00fcnleriyle villan\u0131z\u0131 prestijli bir ya\u015fam alan\u0131na d\u00f6n\u00fc\u015ft\u00fcr\u00fcyoruz. VIP hizmet anlay\u0131\u015f\u0131m\u0131zla, ba\u015ftan sona t\u00fcm s\u00fcreci size \u00f6zel tasarl\u0131yor, \u00f6l\u00e7\u00fcmden tasar\u0131ma, sunumdan montaja kadar t\u00fcm a\u015famalar\u0131 profesyonel ekibimizle ger\u00e7ekle\u015ftiriyoruz.<\/p>\n\n\n\n<ul class=\"wp-block-list\">\n<li>Y\u00fcksek tavanl\u0131 ve geni\u015f pencerelere \u00f6zel \u00f6l\u00e7\u00fc <strong>perde <\/strong>sistemleri tasarl\u0131yor, villalara \u015f\u0131kl\u0131k kat\u0131yoruz.<\/li>\n\n\n\n<li><strong>Motorlu sistemler<\/strong> sayesinde perdelerinizi uzaktan kumanda veya ak\u0131ll\u0131 telefon ile kolayca kontrol edebilirsiniz.<\/li>\n\n\n\n<li>Motorlu sistemli perdelerimiz, \u00f6zellikle geni\u015f cam cephelerde ve y\u00fcksek tavanl\u0131 alanlarda pratik kullan\u0131m sa\u011flar.<\/li>\n\n\n\n<li>Villan\u0131n mimari yap\u0131s\u0131na uyumlu, \u00f6zel \u00f6l\u00e7\u00fc ve ki\u015fiye \u00f6zel desen se\u00e7enekleriyle <strong>duvar ka\u011f\u0131d\u0131<\/strong> uygulamalar\u0131 yap\u0131yoruz.<\/li>\n\n\n\n<li>\u0130stedi\u011finiz g\u00f6rselle ki\u015fiselle\u015ftirilmi\u015f, \u00f6zel bask\u0131l\u0131 poster duvar ka\u011f\u0131tlar\u0131 \u00fcretiyor, villan\u0131z\u0131 e\u015fsiz k\u0131l\u0131yoruz.<\/li>\n\n\n\n<li><strong>Hal\u0131 kaplama<\/strong> hizmetimizle geni\u015f zeminlere estetik ve dayan\u0131kl\u0131 \u00e7\u00f6z\u00fcmler sunuyoruz.<\/li>\n\n\n\n<li>\u00d6zel \u00f6l\u00e7\u00fc dekoratif <strong>aynalarla <\/strong>mek\u00e2n\u0131 daha ferah, daha l\u00fcks ve daha prestijli hale getiriyoruz.<\/li>\n\n\n\n<li>Modern veya klasik \u00e7izgilere uygun <strong>duvar panelleri <\/strong>\u00e7\u00f6z\u00fcmleriyle villan\u0131n atmosferini zenginle\u015ftiriyoruz.<\/li>\n\n\n\n<li><strong>K\u0131rlent<\/strong>, <strong>yatak \u00f6rt\u00fcs\u00fc <\/strong>ve dekoratif tekstillerle villan\u0131za konfor ve tamamlay\u0131c\u0131 estetik kat\u0131yoruz.<\/li>\n\n\n\n<li>Mobilyalar\u0131n\u0131z\u0131n g\u00fcne\u015f, ya\u011fmur, r\u00fczg\u00e2r ve tozdan etkilenmemesi i\u00e7in <strong>\u00f6zel \u00f6l\u00e7\u00fc brandalar<\/strong> haz\u0131rl\u0131yoruz.<\/li>\n\n\n\n<li>\u00dccretsiz \u00f6l\u00e7\u00fc ve ke\u015fif deste\u011fi ile projeyi ba\u015flat\u0131yor, tasar\u0131m s\u00fcrecinde tamamen ki\u015fiye \u00f6zel bir yakla\u015f\u0131m sergiliyoruz.<\/li>\n\n\n\n<li>3D mimari g\u00f6rsellerle t\u00fcm detaylar\u0131 \u00f6nceden sunuyor, uygulanacak tasar\u0131m\u0131 sizinle birlikte \u015fekillendiriyoruz.<\/li>\n\n\n\n<li>Profesyonel montaj ekibimizle t\u00fcm s\u00fcreci eksiksiz ve sorunsuz tamaml\u0131yor, villan\u0131zda hayal etti\u011finiz atmosferi ger\u00e7e\u011fe d\u00f6n\u00fc\u015ft\u00fcr\u00fcyoruz.<\/li>\n\n\n\n<li>\u0130\u00e7 mimarl\u0131k, proje tasar\u0131m, uygulama ve anahtar teslim hizmetlerimizle mek\u00e2nlar\u0131n\u0131z\u0131 profesyonelce tasarlay\u0131p eksiksiz \u015fekilde hayata ge\u00e7iriyoruz.<\/li>\n<\/ul>\n\n\n\n<figure class=\"wp-block-gallery has-nested-images columns-default is-cropped wp-block-gallery-1 is-layout-flex wp-block-gallery-is-layout-flex\">\n<figure class=\"wp-block-image size-large\"><img loading=\"lazy\" decoding=\"async\" width=\"1024\" height=\"797\" data-id=\"385\" src=\"http:\/\/www.modernperde.com.tr\/wp-content\/uploads\/2025\/08\/1-5-1024x797.jpg\" alt=\"\" class=\"wp-image-385\" srcset=\"http:\/\/www.modernperde.com.tr\/wp-content\/uploads\/2025\/08\/1-5-1024x797.jpg 1024w, http:\/\/www.modernperde.com.tr\/wp-content\/uploads\/2025\/08\/1-5-300x233.jpg 300w, http:\/\/www.modernperde.com.tr\/wp-content\/uploads\/2025\/08\/1-5-768x597.jpg 768w, http:\/\/www.modernperde.com.tr\/wp-content\/uploads\/2025\/08\/1-5.jpg 1063w\" sizes=\"auto, (max-width: 1024px) 100vw, 1024px\" \/><\/figure>\n\n\n\n<figure class=\"wp-block-image size-large\"><img loading=\"lazy\" decoding=\"async\" width=\"1024\" height=\"797\" data-id=\"382\" src=\"http:\/\/www.modernperde.com.tr\/wp-content\/uploads\/2025\/08\/2-6-1024x797.jpg\" alt=\"\" class=\"wp-image-382\" srcset=\"http:\/\/www.modernperde.com.tr\/wp-content\/uploads\/2025\/08\/2-6-1024x797.jpg 1024w, http:\/\/www.modernperde.com.tr\/wp-content\/uploads\/2025\/08\/2-6-300x233.jpg 300w, http:\/\/www.modernperde.com.tr\/wp-content\/uploads\/2025\/08\/2-6-768x597.jpg 768w, http:\/\/www.modernperde.com.tr\/wp-content\/uploads\/2025\/08\/2-6.jpg 1063w\" sizes=\"auto, (max-width: 1024px) 100vw, 1024px\" \/><\/figure>\n\n\n\n<figure class=\"wp-block-image size-large\"><img loading=\"lazy\" decoding=\"async\" width=\"1024\" height=\"797\" data-id=\"383\" src=\"http:\/\/www.modernperde.com.tr\/wp-content\/uploads\/2025\/08\/3-6-1024x797.jpg\" alt=\"\" class=\"wp-image-383\" srcset=\"http:\/\/www.modernperde.com.tr\/wp-content\/uploads\/2025\/08\/3-6-1024x797.jpg 1024w, http:\/\/www.modernperde.com.tr\/wp-content\/uploads\/2025\/08\/3-6-300x233.jpg 300w, http:\/\/www.modernperde.com.tr\/wp-content\/uploads\/2025\/08\/3-6-768x597.jpg 768w, http:\/\/www.modernperde.com.tr\/wp-content\/uploads\/2025\/08\/3-6.jpg 1063w\" sizes=\"auto, (max-width: 1024px) 100vw, 1024px\" \/><\/figure>\n\n\n\n<figure class=\"wp-block-image size-large\"><img loading=\"lazy\" decoding=\"async\" width=\"1024\" height=\"797\" data-id=\"387\" src=\"http:\/\/www.modernperde.com.tr\/wp-content\/uploads\/2025\/08\/4-7-1024x797.jpg\" alt=\"\" class=\"wp-image-387\" srcset=\"http:\/\/www.modernperde.com.tr\/wp-content\/uploads\/2025\/08\/4-7-1024x797.jpg 1024w, http:\/\/www.modernperde.com.tr\/wp-content\/uploads\/2025\/08\/4-7-300x233.jpg 300w, http:\/\/www.modernperde.com.tr\/wp-content\/uploads\/2025\/08\/4-7-768x597.jpg 768w, http:\/\/www.modernperde.com.tr\/wp-content\/uploads\/2025\/08\/4-7.jpg 1063w\" sizes=\"auto, (max-width: 1024px) 100vw, 1024px\" \/><\/figure>\n\n\n\n<figure class=\"wp-block-image size-large\"><img loading=\"lazy\" decoding=\"async\" width=\"1024\" height=\"797\" data-id=\"381\" src=\"http:\/\/www.modernperde.com.tr\/wp-content\/uploads\/2025\/08\/5-5-1024x797.jpg\" alt=\"\" class=\"wp-image-381\" srcset=\"http:\/\/www.modernperde.com.tr\/wp-content\/uploads\/2025\/08\/5-5-1024x797.jpg 1024w, http:\/\/www.modernperde.com.tr\/wp-content\/uploads\/2025\/08\/5-5-300x233.jpg 300w, http:\/\/www.modernperde.com.tr\/wp-content\/uploads\/2025\/08\/5-5-768x597.jpg 768w, http:\/\/www.modernperde.com.tr\/wp-content\/uploads\/2025\/08\/5-5.jpg 1063w\" sizes=\"auto, (max-width: 1024px) 100vw, 1024px\" \/><\/figure>\n\n\n\n<figure class=\"wp-block-image size-large\"><img loading=\"lazy\" decoding=\"async\" width=\"1024\" height=\"797\" data-id=\"384\" src=\"http:\/\/www.modernperde.com.tr\/wp-content\/uploads\/2025\/08\/6-5-1024x797.jpg\" alt=\"\" class=\"wp-image-384\" srcset=\"http:\/\/www.modernperde.com.tr\/wp-content\/uploads\/2025\/08\/6-5-1024x797.jpg 1024w, http:\/\/www.modernperde.com.tr\/wp-content\/uploads\/2025\/08\/6-5-300x233.jpg 300w, http:\/\/www.modernperde.com.tr\/wp-content\/uploads\/2025\/08\/6-5-768x597.jpg 768w, http:\/\/www.modernperde.com.tr\/wp-content\/uploads\/2025\/08\/6-5.jpg 1063w\" sizes=\"auto, (max-width: 1024px) 100vw, 1024px\" \/><\/figure>\n<\/figure>\n\n\n\n<p><\/p>\n","protected":false},"excerpt":{"rendered":"<p>Villa Projelerimiz Villa projelerinde amac\u0131m\u0131z, geni\u015f ya\u015fam alanlar\u0131n\u0131za hem estetik hem de fonksiyonel \u00e7\u00f6z\u00fcmler getirerek mek\u00e2n\u0131n\u0131z\u0131 bamba\u015fka bir seviyeye ta\u015f\u0131makt\u0131r. Villalar, kendine has mimarisi ve geni\u015f kullan\u0131m alanlar\u0131yla s\u0131radan evlerden ayr\u0131l\u0131r; biz de bu ayr\u0131cal\u0131\u011f\u0131 yans\u0131tacak tasar\u0131mlar sunuyoruz. \u00dccretsiz \u00f6l\u00e7\u00fc ve ke\u015fif hizmetimizle villan\u0131z\u0131 yerinde inceliyor, mek\u00e2n\u0131n ihtiya\u00e7lar\u0131n\u0131 en ince detay\u0131na kadar analiz ediyoruz. Ard\u0131ndan, [&hellip;]<\/p>\n","protected":false},"author":1,"featured_media":0,"parent":0,"menu_order":0,"comment_status":"closed","ping_status":"closed","template":"","meta":{"footnotes":""},"class_list":["post-306","page","type-page","status-publish","hentry"],"_links":{"self":[{"href":"http:\/\/www.modernperde.com.tr\/index.php\/wp-json\/wp\/v2\/pages\/306","targetHints":{"allow":["GET"]}}],"collection":[{"href":"http:\/\/www.modernperde.com.tr\/index.php\/wp-json\/wp\/v2\/pages"}],"about":[{"href":"http:\/\/www.modernperde.com.tr\/index.php\/wp-json\/wp\/v2\/types\/page"}],"author":[{"embeddable":true,"href":"http:\/\/www.modernperde.com.tr\/index.php\/wp-json\/wp\/v2\/users\/1"}],"replies":[{"embeddable":true,"href":"http:\/\/www.modernperde.com.tr\/index.php\/wp-json\/wp\/v2\/comments?post=306"}],"version-history":[{"count":6,"href":"http:\/\/www.modernperde.com.tr\/index.php\/wp-json\/wp\/v2\/pages\/306\/revisions"}],"predecessor-version":[{"id":776,"href":"http:\/\/www.modernperde.com.tr\/index.php\/wp-json\/wp\/v2\/pages\/306\/revisions\/776"}],"wp:attachment":[{"href":"http:\/\/www.modernperde.com.tr\/index.php\/wp-json\/wp\/v2\/media?parent=306"}],"curies":[{"name":"wp","href":"https:\/\/api.w.org\/{rel}","templated":true}]}}