{"id":316,"date":"2025-08-22T17:25:52","date_gmt":"2025-08-22T17:25:52","guid":{"rendered":"http:\/\/www.modernperde.com.tr\/?page_id=316"},"modified":"2025-12-04T15:12:10","modified_gmt":"2025-12-04T15:12:10","slug":"ofis-projeleri","status":"publish","type":"page","link":"http:\/\/www.modernperde.com.tr\/index.php\/ofis-projeleri\/","title":{"rendered":"OF\u0130S PROJELER\u0130"},"content":{"rendered":"\n<p><strong>Ofis Projelerimiz<\/strong><\/p>\n\n\n\n<p>Ofis projelerinde amac\u0131m\u0131z, i\u015f yerinizi yaln\u0131zca bir \u00e7al\u0131\u015fma alan\u0131 olmaktan \u00e7\u0131kar\u0131p, kurumsal kimli\u011finizi yans\u0131tan prestijli ve verimli bir mek\u00e2n haline getirmektir. Ofis tasar\u0131mlar\u0131nda estetik kadar fonksiyonellik de \u00f6n planda tutulmal\u0131, \u00e7al\u0131\u015fanlar\u0131n konforu ve misafirlerinize b\u0131rakt\u0131\u011f\u0131n\u0131z izlenim titizlikle d\u00fc\u015f\u00fcn\u00fclmelidir. Biz, \u00fccretsiz \u00f6l\u00e7\u00fc ve ke\u015fif hizmetimizle ofisinizi yerinde analiz ediyor, mek\u00e2n\u0131n \u0131\u015f\u0131k ihtiyac\u0131ndan akustik d\u00fczenine kadar t\u00fcm detaylar\u0131 de\u011ferlendiriyoruz. Ard\u0131ndan, size \u00f6zel haz\u0131rlad\u0131\u011f\u0131m\u0131z 3D mimari g\u00f6rseller sayesinde ofisinizin d\u00f6n\u00fc\u015f\u00fcm\u00fcn\u00fc uygulamadan \u00f6nce t\u00fcm ayr\u0131nt\u0131lar\u0131yla g\u00f6rebilmenizi sa\u011fl\u0131yoruz.<\/p>\n\n\n\n<p>Ofislerde t\u00fcm perde \u00e7e\u015fitlerini profesyonel \u00e7\u00f6z\u00fcmlerle sunuyor, \u00f6zellikle ah\u015fap jaluzi ve screen stor gibi se\u00e7eneklerle hem \u0131\u015f\u0131\u011f\u0131 kontrol alt\u0131na al\u0131yor hem de ofise modern bir karakter kazand\u0131r\u0131yoruz. Duvar ka\u011f\u0131tlar\u0131yla ofise kurumsal kimli\u011fe uygun renkler ve desenler kazand\u0131r\u0131yor, mek\u00e2n\u0131n b\u00fct\u00fcnl\u00fc\u011f\u00fcn\u00fc destekliyoruz. Ah\u015fap dokulu panellerden modern \u00e7izgilere sahip dekoratif kaplamalara kadar her detay\u0131 \u00f6zenle se\u00e7iyor, ofisinize hem \u015f\u0131kl\u0131k hem de i\u015flevsellik kat\u0131yoruz. VIP hizmet anlay\u0131\u015f\u0131m\u0131zla ofis projelerinde \u00f6l\u00e7\u00fcmden tasar\u0131ma, ke\u015fiften montaja kadar her a\u015famay\u0131 sizin i\u00e7in ki\u015fiye \u00f6zel planl\u0131yoruz.<\/p>\n\n\n\n<ul class=\"wp-block-list\">\n<li>T\u00fcm <strong>perde <\/strong>\u00e7e\u015fitlerini ofis ortam\u0131na \u00f6zel \u00e7\u00f6z\u00fcmlerle uyguluyor, i\u015flevsellik ve \u015f\u0131kl\u0131\u011f\u0131 bir arada sunuyoruz.<\/li>\n\n\n\n<li><strong>Ah\u015fap jaluzi <\/strong>sistemleriyle ofislerde modern, profesyonel ve estetik bir atmosfer olu\u015fturuyoruz.<\/li>\n\n\n\n<li><strong>Screen <\/strong>ve <strong>stor <\/strong>perdelerle g\u00fcne\u015f \u0131\u015f\u0131\u011f\u0131n\u0131 dengeliyor, \u00e7al\u0131\u015fma konforunu art\u0131r\u0131yoruz.<\/li>\n\n\n\n<li><strong>Motorlu sistemler <\/strong>sayesinde perdelerinizi uzaktan kumanda veya ak\u0131ll\u0131 telefon ile kolayca kontrol edebilirsiniz.<\/li>\n\n\n\n<li>Ofislerin yap\u0131s\u0131na ve kurumsal kimli\u011fine uygun <strong>duvar ka\u011f\u0131d\u0131 <\/strong>uygulamalar\u0131 yap\u0131yoruz.<\/li>\n\n\n\n<li>Dekoratif <strong>duvar panelleriyle <\/strong>toplant\u0131 odalar\u0131, lobi ve \u00e7al\u0131\u015fma alanlar\u0131na prestij kazand\u0131r\u0131yoruz.<\/li>\n\n\n\n<li>\u00dccretsiz \u00f6l\u00e7\u00fc ve ke\u015fif deste\u011fi ile ofisinizi analiz ediyor, her detay\u0131 ki\u015fiye \u00f6zel tasarl\u0131yoruz.<\/li>\n\n\n\n<li>3D mimari g\u00f6rsellerle t\u00fcm uygulamalar\u0131 \u00f6nceden g\u00f6steriyor, size se\u00e7im kolayl\u0131\u011f\u0131 sa\u011fl\u0131yoruz.<\/li>\n\n\n\n<li>Profesyonel montaj ekibimizle ofis projenizi sorunsuz \u015fekilde tamaml\u0131yor, size yaln\u0131zca yeni mek\u00e2n\u0131n keyfini \u00e7\u0131karmak kal\u0131yor.<\/li>\n\n\n\n<li>\u0130\u00e7 mimarl\u0131k, proje tasar\u0131m, uygulama ve anahtar teslim hizmetlerimizle mek\u00e2nlar\u0131n\u0131z\u0131 profesyonelce tasarlay\u0131p eksiksiz \u015fekilde hayata ge\u00e7iriyoruz.<\/li>\n<\/ul>\n\n\n\n<figure class=\"wp-block-gallery has-nested-images columns-default is-cropped wp-block-gallery-1 is-layout-flex wp-block-gallery-is-layout-flex\">\n<figure class=\"wp-block-image size-large\"><img loading=\"lazy\" decoding=\"async\" width=\"1024\" height=\"797\" data-id=\"461\" src=\"http:\/\/www.modernperde.com.tr\/wp-content\/uploads\/2025\/09\/3-1024x797.jpg\" alt=\"\" class=\"wp-image-461\" srcset=\"http:\/\/www.modernperde.com.tr\/wp-content\/uploads\/2025\/09\/3-1024x797.jpg 1024w, http:\/\/www.modernperde.com.tr\/wp-content\/uploads\/2025\/09\/3-300x233.jpg 300w, http:\/\/www.modernperde.com.tr\/wp-content\/uploads\/2025\/09\/3-768x597.jpg 768w, http:\/\/www.modernperde.com.tr\/wp-content\/uploads\/2025\/09\/3.jpg 1063w\" sizes=\"auto, (max-width: 1024px) 100vw, 1024px\" \/><\/figure>\n\n\n\n<figure class=\"wp-block-image size-large\"><img loading=\"lazy\" decoding=\"async\" width=\"1024\" height=\"797\" data-id=\"460\" src=\"http:\/\/www.modernperde.com.tr\/wp-content\/uploads\/2025\/09\/4-1024x797.jpg\" alt=\"\" class=\"wp-image-460\" srcset=\"http:\/\/www.modernperde.com.tr\/wp-content\/uploads\/2025\/09\/4-1024x797.jpg 1024w, http:\/\/www.modernperde.com.tr\/wp-content\/uploads\/2025\/09\/4-300x233.jpg 300w, http:\/\/www.modernperde.com.tr\/wp-content\/uploads\/2025\/09\/4-768x597.jpg 768w, http:\/\/www.modernperde.com.tr\/wp-content\/uploads\/2025\/09\/4.jpg 1063w\" sizes=\"auto, (max-width: 1024px) 100vw, 1024px\" \/><\/figure>\n\n\n\n<figure class=\"wp-block-image size-large\"><img loading=\"lazy\" decoding=\"async\" width=\"1024\" height=\"797\" data-id=\"464\" src=\"http:\/\/www.modernperde.com.tr\/wp-content\/uploads\/2025\/09\/5-1024x797.jpg\" alt=\"\" class=\"wp-image-464\" srcset=\"http:\/\/www.modernperde.com.tr\/wp-content\/uploads\/2025\/09\/5-1024x797.jpg 1024w, http:\/\/www.modernperde.com.tr\/wp-content\/uploads\/2025\/09\/5-300x233.jpg 300w, http:\/\/www.modernperde.com.tr\/wp-content\/uploads\/2025\/09\/5-768x597.jpg 768w, http:\/\/www.modernperde.com.tr\/wp-content\/uploads\/2025\/09\/5.jpg 1063w\" sizes=\"auto, (max-width: 1024px) 100vw, 1024px\" \/><\/figure>\n\n\n\n<figure class=\"wp-block-image size-large\"><img loading=\"lazy\" decoding=\"async\" width=\"1024\" height=\"797\" data-id=\"462\" src=\"http:\/\/www.modernperde.com.tr\/wp-content\/uploads\/2025\/09\/6-1024x797.jpg\" alt=\"\" class=\"wp-image-462\" srcset=\"http:\/\/www.modernperde.com.tr\/wp-content\/uploads\/2025\/09\/6-1024x797.jpg 1024w, http:\/\/www.modernperde.com.tr\/wp-content\/uploads\/2025\/09\/6-300x233.jpg 300w, http:\/\/www.modernperde.com.tr\/wp-content\/uploads\/2025\/09\/6-768x597.jpg 768w, http:\/\/www.modernperde.com.tr\/wp-content\/uploads\/2025\/09\/6.jpg 1063w\" sizes=\"auto, (max-width: 1024px) 100vw, 1024px\" \/><\/figure>\n\n\n\n<figure class=\"wp-block-image size-large\"><img loading=\"lazy\" decoding=\"async\" width=\"1024\" height=\"797\" data-id=\"465\" src=\"http:\/\/www.modernperde.com.tr\/wp-content\/uploads\/2025\/09\/1-1024x797.jpg\" alt=\"\" class=\"wp-image-465\" srcset=\"http:\/\/www.modernperde.com.tr\/wp-content\/uploads\/2025\/09\/1-1024x797.jpg 1024w, http:\/\/www.modernperde.com.tr\/wp-content\/uploads\/2025\/09\/1-300x233.jpg 300w, http:\/\/www.modernperde.com.tr\/wp-content\/uploads\/2025\/09\/1-768x597.jpg 768w, http:\/\/www.modernperde.com.tr\/wp-content\/uploads\/2025\/09\/1.jpg 1063w\" sizes=\"auto, (max-width: 1024px) 100vw, 1024px\" \/><\/figure>\n\n\n\n<figure class=\"wp-block-image size-large\"><img loading=\"lazy\" decoding=\"async\" width=\"1024\" height=\"797\" data-id=\"463\" src=\"http:\/\/www.modernperde.com.tr\/wp-content\/uploads\/2025\/09\/2-1024x797.jpg\" alt=\"\" class=\"wp-image-463\" srcset=\"http:\/\/www.modernperde.com.tr\/wp-content\/uploads\/2025\/09\/2-1024x797.jpg 1024w, http:\/\/www.modernperde.com.tr\/wp-content\/uploads\/2025\/09\/2-300x233.jpg 300w, http:\/\/www.modernperde.com.tr\/wp-content\/uploads\/2025\/09\/2-768x597.jpg 768w, http:\/\/www.modernperde.com.tr\/wp-content\/uploads\/2025\/09\/2.jpg 1063w\" sizes=\"auto, (max-width: 1024px) 100vw, 1024px\" \/><\/figure>\n<\/figure>\n","protected":false},"excerpt":{"rendered":"<p>Ofis Projelerimiz Ofis projelerinde amac\u0131m\u0131z, i\u015f yerinizi yaln\u0131zca bir \u00e7al\u0131\u015fma alan\u0131 olmaktan \u00e7\u0131kar\u0131p, kurumsal kimli\u011finizi yans\u0131tan prestijli ve verimli bir mek\u00e2n haline getirmektir. Ofis tasar\u0131mlar\u0131nda estetik kadar fonksiyonellik de \u00f6n planda tutulmal\u0131, \u00e7al\u0131\u015fanlar\u0131n konforu ve misafirlerinize b\u0131rakt\u0131\u011f\u0131n\u0131z izlenim titizlikle d\u00fc\u015f\u00fcn\u00fclmelidir. Biz, \u00fccretsiz \u00f6l\u00e7\u00fc ve ke\u015fif hizmetimizle ofisinizi yerinde analiz ediyor, mek\u00e2n\u0131n \u0131\u015f\u0131k ihtiyac\u0131ndan akustik d\u00fczenine [&hellip;]<\/p>\n","protected":false},"author":1,"featured_media":0,"parent":0,"menu_order":0,"comment_status":"open","ping_status":"closed","template":"","meta":{"footnotes":""},"class_list":["post-316","page","type-page","status-publish","hentry"],"_links":{"self":[{"href":"http:\/\/www.modernperde.com.tr\/index.php\/wp-json\/wp\/v2\/pages\/316","targetHints":{"allow":["GET"]}}],"collection":[{"href":"http:\/\/www.modernperde.com.tr\/index.php\/wp-json\/wp\/v2\/pages"}],"about":[{"href":"http:\/\/www.modernperde.com.tr\/index.php\/wp-json\/wp\/v2\/types\/page"}],"author":[{"embeddable":true,"href":"http:\/\/www.modernperde.com.tr\/index.php\/wp-json\/wp\/v2\/users\/1"}],"replies":[{"embeddable":true,"href":"http:\/\/www.modernperde.com.tr\/index.php\/wp-json\/wp\/v2\/comments?post=316"}],"version-history":[{"count":4,"href":"http:\/\/www.modernperde.com.tr\/index.php\/wp-json\/wp\/v2\/pages\/316\/revisions"}],"predecessor-version":[{"id":768,"href":"http:\/\/www.modernperde.com.tr\/index.php\/wp-json\/wp\/v2\/pages\/316\/revisions\/768"}],"wp:attachment":[{"href":"http:\/\/www.modernperde.com.tr\/index.php\/wp-json\/wp\/v2\/media?parent=316"}],"curies":[{"name":"wp","href":"https:\/\/api.w.org\/{rel}","templated":true}]}}