{"id":440,"date":"2025-09-09T13:03:10","date_gmt":"2025-09-09T13:03:10","guid":{"rendered":"http:\/\/www.modernperde.com.tr\/?page_id=440"},"modified":"2025-09-13T13:20:17","modified_gmt":"2025-09-13T13:20:17","slug":"ayna","status":"publish","type":"page","link":"http:\/\/www.modernperde.com.tr\/index.php\/ayna\/","title":{"rendered":"AYNA"},"content":{"rendered":"\n<p><strong>Ayna \u00c7e\u015fitlerimiz&#8230;<\/strong><\/p>\n\n\n\n<p>Modern Perde olarak yaln\u0131zca perde \u00e7\u00f6z\u00fcmleriyle de\u011fil, ayn\u0131 zamanda <strong>\u00f6zel tasar\u0131m aynalar\u0131m\u0131zla<\/strong> da ya\u015fam alanlar\u0131n\u0131za zarafet kat\u0131yoruz. Her mek\u00e2n\u0131n kimli\u011fini yans\u0131tan, fonksiyonel ve dekoratif de\u011feri y\u00fcksek aynalar \u00fcretiyor; hem ki\u015fisel kullan\u0131m hem de kurumsal projeler i\u00e7in \u00f6zel \u00e7\u00f6z\u00fcmler sunuyoruz.<\/p>\n\n\n\n<p><strong>Ah\u015fap \u00d6zel \u00d6l\u00e7\u00fc Aynalar:<\/strong><br>Do\u011fall\u0131\u011f\u0131 sevenler i\u00e7in \u00f6zenle i\u015fledi\u011fimiz ah\u015fap \u00e7er\u00e7eveli aynalar, ya\u015fam alanlar\u0131n\u0131za s\u0131cak bir atmosfer kazand\u0131r\u0131r. \u00d6zel \u00f6l\u00e7\u00fc se\u00e7eneklerimiz sayesinde mek\u00e2n\u0131n\u0131za tam uyum sa\u011flayacak \u015fekilde \u00fcretim yap\u0131yor, rustik, klasik veya modern dekorasyon stillerine uygun modeller haz\u0131rl\u0131yoruz.<\/p>\n\n\n\n<p><strong>Boheme Bah\u00e7e Aynalar\u0131:<\/strong><br>Bah\u00e7e ve teras dekorasyonuna farkl\u0131 bir soluk getiren boheme tarz\u0131 aynalar\u0131m\u0131z, do\u011fal doku ve renklerle uyum sa\u011flayarak d\u0131\u015f mek\u00e2nlar\u0131n\u0131za derinlik ve \u015f\u0131kl\u0131k kat\u0131yor. Dayan\u0131kl\u0131 malzemelerle tasarlanan bu aynalar, \u00f6zellikle otel, kafe ve \u00f6zel peyzaj projelerinde tercih edilmektedir.<\/p>\n\n\n\n<p><strong>Metal \u00c7er\u00e7eve Ayakl\u0131 Aynalar:<\/strong><br>Minimal ve modern tasar\u0131mlardan ho\u015flananlar i\u00e7in metal \u00e7er\u00e7eveli ayakl\u0131 aynalar\u0131m\u0131z, hem pratik kullan\u0131m hem de estetik bir duru\u015f sunar. Y\u00fcksekli\u011fi sayesinde mek\u00e2na ferahl\u0131k katan bu modeller, evlerde yatak odas\u0131, giyinme alan\u0131 veya giri\u015f hol\u00fc i\u00e7in; ayn\u0131 zamanda otel ve rezidans projelerinde dekoratif bir unsur olarak kullan\u0131lmaktad\u0131r.<\/p>\n\n\n\n<p><strong>Projelere \u00d6zel \u00dcretim:<\/strong><br>Modern Perde olarak yaln\u0131zca standart \u00fcr\u00fcnler de\u011fil, ayn\u0131 zamanda otel, kafe, butik, ofis ve konut projelerine \u00f6zel \u00fcretim de yap\u0131yoruz. \u0130\u00e7 mimarlar ve proje ekipleri ile i\u015f birli\u011fi i\u00e7inde, mek\u00e2n\u0131n ruhunu yans\u0131tan, uzun \u00f6m\u00fcrl\u00fc ve tasar\u0131m odakl\u0131 \u00e7\u00f6z\u00fcmler geli\u015ftiriyoruz.<\/p>\n\n\n\n<p>Her bir ayna, yaln\u0131zca yans\u0131ma de\u011fil; mek\u00e2n\u0131n atmosferini tamamlayan bir sanat eseri<strong> <\/strong>niteli\u011finde tasarlan\u0131yor. Estetik, i\u015flevsellik ve kaliteyi bir araya getiren \u00fcr\u00fcnlerimizle ya\u015fam alanlar\u0131n\u0131z\u0131 farkl\u0131la\u015ft\u0131rmak i\u00e7in buraday\u0131z.<\/p>\n\n\n\n<figure class=\"wp-block-gallery has-nested-images columns-default is-cropped wp-block-gallery-1 is-layout-flex wp-block-gallery-is-layout-flex\">\n<figure class=\"wp-block-image size-large\"><img loading=\"lazy\" decoding=\"async\" width=\"1024\" height=\"797\" data-id=\"497\" src=\"http:\/\/www.modernperde.com.tr\/wp-content\/uploads\/2025\/09\/1-5-1024x797.jpg\" alt=\"\" class=\"wp-image-497\" srcset=\"http:\/\/www.modernperde.com.tr\/wp-content\/uploads\/2025\/09\/1-5-1024x797.jpg 1024w, http:\/\/www.modernperde.com.tr\/wp-content\/uploads\/2025\/09\/1-5-300x233.jpg 300w, http:\/\/www.modernperde.com.tr\/wp-content\/uploads\/2025\/09\/1-5-768x597.jpg 768w, http:\/\/www.modernperde.com.tr\/wp-content\/uploads\/2025\/09\/1-5.jpg 1063w\" sizes=\"auto, (max-width: 1024px) 100vw, 1024px\" \/><\/figure>\n\n\n\n<figure class=\"wp-block-image size-large\"><img loading=\"lazy\" decoding=\"async\" width=\"1024\" height=\"797\" data-id=\"498\" src=\"http:\/\/www.modernperde.com.tr\/wp-content\/uploads\/2025\/09\/2-5-1024x797.jpg\" alt=\"\" class=\"wp-image-498\" srcset=\"http:\/\/www.modernperde.com.tr\/wp-content\/uploads\/2025\/09\/2-5-1024x797.jpg 1024w, http:\/\/www.modernperde.com.tr\/wp-content\/uploads\/2025\/09\/2-5-300x233.jpg 300w, http:\/\/www.modernperde.com.tr\/wp-content\/uploads\/2025\/09\/2-5-768x597.jpg 768w, http:\/\/www.modernperde.com.tr\/wp-content\/uploads\/2025\/09\/2-5.jpg 1063w\" sizes=\"auto, (max-width: 1024px) 100vw, 1024px\" \/><\/figure>\n\n\n\n<figure class=\"wp-block-image size-large\"><img loading=\"lazy\" decoding=\"async\" width=\"1024\" height=\"797\" data-id=\"499\" src=\"http:\/\/www.modernperde.com.tr\/wp-content\/uploads\/2025\/09\/3-5-1024x797.jpg\" alt=\"\" class=\"wp-image-499\" srcset=\"http:\/\/www.modernperde.com.tr\/wp-content\/uploads\/2025\/09\/3-5-1024x797.jpg 1024w, http:\/\/www.modernperde.com.tr\/wp-content\/uploads\/2025\/09\/3-5-300x233.jpg 300w, http:\/\/www.modernperde.com.tr\/wp-content\/uploads\/2025\/09\/3-5-768x597.jpg 768w, http:\/\/www.modernperde.com.tr\/wp-content\/uploads\/2025\/09\/3-5.jpg 1063w\" sizes=\"auto, (max-width: 1024px) 100vw, 1024px\" \/><\/figure>\n<\/figure>\n","protected":false},"excerpt":{"rendered":"<p>Ayna \u00c7e\u015fitlerimiz&#8230; Modern Perde olarak yaln\u0131zca perde \u00e7\u00f6z\u00fcmleriyle de\u011fil, ayn\u0131 zamanda \u00f6zel tasar\u0131m aynalar\u0131m\u0131zla da ya\u015fam alanlar\u0131n\u0131za zarafet kat\u0131yoruz. Her mek\u00e2n\u0131n kimli\u011fini yans\u0131tan, fonksiyonel ve dekoratif de\u011feri y\u00fcksek aynalar \u00fcretiyor; hem ki\u015fisel kullan\u0131m hem de kurumsal projeler i\u00e7in \u00f6zel \u00e7\u00f6z\u00fcmler sunuyoruz. Ah\u015fap \u00d6zel \u00d6l\u00e7\u00fc Aynalar:Do\u011fall\u0131\u011f\u0131 sevenler i\u00e7in \u00f6zenle i\u015fledi\u011fimiz ah\u015fap \u00e7er\u00e7eveli aynalar, ya\u015fam alanlar\u0131n\u0131za s\u0131cak [&hellip;]<\/p>\n","protected":false},"author":1,"featured_media":0,"parent":0,"menu_order":0,"comment_status":"open","ping_status":"closed","template":"","meta":{"footnotes":""},"class_list":["post-440","page","type-page","status-publish","hentry"],"_links":{"self":[{"href":"http:\/\/www.modernperde.com.tr\/index.php\/wp-json\/wp\/v2\/pages\/440","targetHints":{"allow":["GET"]}}],"collection":[{"href":"http:\/\/www.modernperde.com.tr\/index.php\/wp-json\/wp\/v2\/pages"}],"about":[{"href":"http:\/\/www.modernperde.com.tr\/index.php\/wp-json\/wp\/v2\/types\/page"}],"author":[{"embeddable":true,"href":"http:\/\/www.modernperde.com.tr\/index.php\/wp-json\/wp\/v2\/users\/1"}],"replies":[{"embeddable":true,"href":"http:\/\/www.modernperde.com.tr\/index.php\/wp-json\/wp\/v2\/comments?post=440"}],"version-history":[{"count":2,"href":"http:\/\/www.modernperde.com.tr\/index.php\/wp-json\/wp\/v2\/pages\/440\/revisions"}],"predecessor-version":[{"id":500,"href":"http:\/\/www.modernperde.com.tr\/index.php\/wp-json\/wp\/v2\/pages\/440\/revisions\/500"}],"wp:attachment":[{"href":"http:\/\/www.modernperde.com.tr\/index.php\/wp-json\/wp\/v2\/media?parent=440"}],"curies":[{"name":"wp","href":"https:\/\/api.w.org\/{rel}","templated":true}]}}