{"id":446,"date":"2025-09-09T13:26:11","date_gmt":"2025-09-09T13:26:11","guid":{"rendered":"http:\/\/www.modernperde.com.tr\/?page_id=446"},"modified":"2025-12-02T21:46:00","modified_gmt":"2025-12-02T21:46:00","slug":"aksesuar","status":"publish","type":"page","link":"http:\/\/www.modernperde.com.tr\/index.php\/aksesuar\/","title":{"rendered":"AKSESUAR"},"content":{"rendered":"\n<p><strong>Perde ve Tekstil Aksesuarlar\u0131&#8230;<\/strong><\/p>\n\n\n\n<p>Modern Perde, yaln\u0131zca perde ve hal\u0131 \u00e7\u00f6z\u00fcmleriyle de\u011fil; tamamlay\u0131c\u0131 aksesuar se\u00e7enekleriyle de ya\u015fam alanlar\u0131n\u0131za estetik ve b\u00fct\u00fcnl\u00fck kazand\u0131r\u0131yor. Perdeyi ya da mobilyay\u0131 do\u011fru aksesuarlarla tamamlamak, mek\u00e2n\u0131n kimli\u011fini \u00f6ne \u00e7\u0131kar\u0131r ve dekorasyonunuza benzersiz bir dokunu\u015f ekler.<\/p>\n\n\n\n<p><strong>Rustik &amp; Perde Aksesuarlar\u0131<\/strong><br>Dekoratif rustik sistemler, perdelerinizi hem fonksiyonel hem de estetik bir \u015fekilde sergilemenize olanak tan\u0131r. Ah\u015fap, metal veya farkl\u0131 kaplama se\u00e7enekleriyle tasarlanan rustikler, klasik ya da modern dekorasyon tarz\u0131na kolayca uyum sa\u011flar. Perdenin tamamlay\u0131c\u0131s\u0131 olan <strong>bro\u015f\u00fcrler (bro\u00e7ol) ve kol ba\u011flar\u0131<\/strong> ise \u015f\u0131kl\u0131\u011f\u0131 detaylarda arayanlar i\u00e7in ideal bir se\u00e7imdir. Zarif tokalar, kuma\u015f kol ba\u011flar\u0131 veya dekoratif metal aksesuarlarla perdelerinize hem kullan\u0131m kolayl\u0131\u011f\u0131 hem de estetik g\u00f6r\u00fcn\u00fcm kazand\u0131rabilirsiniz. Ayr\u0131ca \u00f6zel tasar\u0131m <strong>bord\u00fcr se\u00e7enekleri<\/strong> sayesinde perdelerinize hareket, desen ve farkl\u0131 bir stil eklemek m\u00fcmk\u00fcnd\u00fcr.<\/p>\n\n\n\n<p><strong>Tekstil Aksesuarlar\u0131<\/strong><br>Perdeleriniz ve mobilyalar\u0131n\u0131zla uyumlu <strong>k\u0131rlentler<\/strong>, mek\u00e2n\u0131n\u0131za dinamizm ve konfor katar. Farkl\u0131 kuma\u015f, desen ve renk alternatifleriyle haz\u0131rlanan k\u0131rlentler, salon, oturma odas\u0131 veya yatak odas\u0131nda dekorasyonunuzu tamamlayan g\u00fc\u00e7l\u00fc bir aksesuard\u0131r.<br>Bunun yan\u0131 s\u0131ra, \u015f\u0131kl\u0131\u011f\u0131 ve fonksiyonelli\u011fi bir arada sunan <strong>yatak \u00f6rt\u00fcleri<\/strong>, yatak odalar\u0131n\u0131za zarafet kazand\u0131r\u0131r. Modern, klasik veya minimal tarzlara uygun olarak tasarlanan yatak \u00f6rt\u00fclerimiz, dekorasyonunuzun b\u00fct\u00fcnl\u00fc\u011f\u00fcn\u00fc korurken konforunuzu art\u0131r\u0131r.<br>Mek\u00e2nlar\u0131n\u0131za sofistike bir dokunu\u015f katmak i\u00e7in <strong>runner modelleri<\/strong> de ideal bir tercihtir. Yemek masalar\u0131nda, konsollarda veya dekoratif y\u00fczeylerde kullan\u0131lan runner\u2019lar, hem pratik bir \u00e7\u00f6z\u00fcm sunar hem de mek\u00e2n\u0131n havas\u0131n\u0131 de\u011fi\u015ftirir. <\/p>\n\n\n\n<p>Modern Perde olarak profesyonel ekibimizle <strong>koltuk ve minder d\u00f6\u015feme<\/strong> \u00e7al\u0131\u015fmalar\u0131 yap\u0131yoruz. Ayr\u0131ca <strong>\u015fezlong minder kaplama<\/strong> hizmetimizle d\u0131\u015f mek\u00e2nlar\u0131n\u0131za \u015f\u0131kl\u0131k ve konfor kazand\u0131r\u0131yoruz.<br><\/p>\n\n\n\n<hr class=\"wp-block-separator has-alpha-channel-opacity\"\/>\n\n\n\n<p><br>Modern Perde olarak amac\u0131m\u0131z yaln\u0131zca perde veya hal\u0131 sunmak de\u011fil; mek\u00e2nlar\u0131n\u0131za b\u00fct\u00fcnc\u00fcl bir dekorasyon yakla\u015f\u0131m\u0131 kazand\u0131rmakt\u0131r. Bu y\u00fczden perdelerinizle uyumlu rustik, bro\u00e7ol, kol ba\u011f\u0131 ve bord\u00fcr gibi tamamlay\u0131c\u0131 aksesuarlar\u0131; mobilyalar\u0131n\u0131zla uyumlu k\u0131rlent, yatak \u00f6rt\u00fcs\u00fc ve runner gibi tekstil \u00fcr\u00fcnleriyle bir arada sunuyoruz. B\u00f6ylece evinizde ya da i\u015f yerinizde her detay birbiriyle uyumlu, estetik bir b\u00fct\u00fcn\u00fcn par\u00e7as\u0131 haline gelir.<\/p>\n\n\n\n<p>Her aksesuar, titizlikle se\u00e7ilmi\u015f malzemelerden \u00fcretilmekte ve uzun y\u0131llar kullan\u0131m i\u00e7in dayan\u0131kl\u0131l\u0131k sa\u011flamaktad\u0131r. Geni\u015f renk, doku ve tasar\u0131m alternatiflerimiz sayesinde ister klasik ister modern tarzda dekorasyonunuza en uygun \u00e7\u00f6z\u00fcmleri bulabilirsiniz.<\/p>\n\n\n\n<figure class=\"wp-block-gallery has-nested-images columns-default is-cropped wp-block-gallery-1 is-layout-flex wp-block-gallery-is-layout-flex\">\n<figure class=\"wp-block-image size-large\"><img loading=\"lazy\" decoding=\"async\" width=\"1024\" height=\"797\" data-id=\"489\" src=\"http:\/\/www.modernperde.com.tr\/wp-content\/uploads\/2025\/09\/1-4-1024x797.jpg\" alt=\"\" class=\"wp-image-489\" srcset=\"http:\/\/www.modernperde.com.tr\/wp-content\/uploads\/2025\/09\/1-4-1024x797.jpg 1024w, http:\/\/www.modernperde.com.tr\/wp-content\/uploads\/2025\/09\/1-4-300x233.jpg 300w, http:\/\/www.modernperde.com.tr\/wp-content\/uploads\/2025\/09\/1-4-768x597.jpg 768w, http:\/\/www.modernperde.com.tr\/wp-content\/uploads\/2025\/09\/1-4.jpg 1063w\" sizes=\"auto, (max-width: 1024px) 100vw, 1024px\" \/><\/figure>\n\n\n\n<figure class=\"wp-block-image size-large\"><img loading=\"lazy\" decoding=\"async\" width=\"1024\" height=\"797\" data-id=\"492\" src=\"http:\/\/www.modernperde.com.tr\/wp-content\/uploads\/2025\/09\/2-4-1024x797.jpg\" alt=\"\" class=\"wp-image-492\" srcset=\"http:\/\/www.modernperde.com.tr\/wp-content\/uploads\/2025\/09\/2-4-1024x797.jpg 1024w, http:\/\/www.modernperde.com.tr\/wp-content\/uploads\/2025\/09\/2-4-300x233.jpg 300w, http:\/\/www.modernperde.com.tr\/wp-content\/uploads\/2025\/09\/2-4-768x597.jpg 768w, http:\/\/www.modernperde.com.tr\/wp-content\/uploads\/2025\/09\/2-4.jpg 1063w\" sizes=\"auto, (max-width: 1024px) 100vw, 1024px\" \/><\/figure>\n\n\n\n<figure class=\"wp-block-image size-large\"><img loading=\"lazy\" decoding=\"async\" width=\"1024\" height=\"797\" data-id=\"493\" src=\"http:\/\/www.modernperde.com.tr\/wp-content\/uploads\/2025\/09\/3-4-1024x797.jpg\" alt=\"\" class=\"wp-image-493\" srcset=\"http:\/\/www.modernperde.com.tr\/wp-content\/uploads\/2025\/09\/3-4-1024x797.jpg 1024w, http:\/\/www.modernperde.com.tr\/wp-content\/uploads\/2025\/09\/3-4-300x233.jpg 300w, http:\/\/www.modernperde.com.tr\/wp-content\/uploads\/2025\/09\/3-4-768x597.jpg 768w, http:\/\/www.modernperde.com.tr\/wp-content\/uploads\/2025\/09\/3-4.jpg 1063w\" sizes=\"auto, (max-width: 1024px) 100vw, 1024px\" \/><\/figure>\n\n\n\n<figure class=\"wp-block-image size-large\"><img loading=\"lazy\" decoding=\"async\" width=\"1024\" height=\"797\" data-id=\"490\" src=\"http:\/\/www.modernperde.com.tr\/wp-content\/uploads\/2025\/09\/4-4-1024x797.jpg\" alt=\"\" class=\"wp-image-490\" srcset=\"http:\/\/www.modernperde.com.tr\/wp-content\/uploads\/2025\/09\/4-4-1024x797.jpg 1024w, http:\/\/www.modernperde.com.tr\/wp-content\/uploads\/2025\/09\/4-4-300x233.jpg 300w, http:\/\/www.modernperde.com.tr\/wp-content\/uploads\/2025\/09\/4-4-768x597.jpg 768w, http:\/\/www.modernperde.com.tr\/wp-content\/uploads\/2025\/09\/4-4.jpg 1063w\" sizes=\"auto, (max-width: 1024px) 100vw, 1024px\" \/><\/figure>\n\n\n\n<figure class=\"wp-block-image size-large\"><img loading=\"lazy\" decoding=\"async\" width=\"1024\" height=\"797\" data-id=\"494\" src=\"http:\/\/www.modernperde.com.tr\/wp-content\/uploads\/2025\/09\/5-4-1024x797.jpg\" alt=\"\" class=\"wp-image-494\" srcset=\"http:\/\/www.modernperde.com.tr\/wp-content\/uploads\/2025\/09\/5-4-1024x797.jpg 1024w, http:\/\/www.modernperde.com.tr\/wp-content\/uploads\/2025\/09\/5-4-300x233.jpg 300w, http:\/\/www.modernperde.com.tr\/wp-content\/uploads\/2025\/09\/5-4-768x597.jpg 768w, http:\/\/www.modernperde.com.tr\/wp-content\/uploads\/2025\/09\/5-4.jpg 1063w\" sizes=\"auto, (max-width: 1024px) 100vw, 1024px\" \/><\/figure>\n\n\n\n<figure class=\"wp-block-image size-large\"><img loading=\"lazy\" decoding=\"async\" width=\"1024\" height=\"797\" data-id=\"491\" src=\"http:\/\/www.modernperde.com.tr\/wp-content\/uploads\/2025\/09\/6-4-1024x797.jpg\" alt=\"\" class=\"wp-image-491\" srcset=\"http:\/\/www.modernperde.com.tr\/wp-content\/uploads\/2025\/09\/6-4-1024x797.jpg 1024w, http:\/\/www.modernperde.com.tr\/wp-content\/uploads\/2025\/09\/6-4-300x233.jpg 300w, http:\/\/www.modernperde.com.tr\/wp-content\/uploads\/2025\/09\/6-4-768x597.jpg 768w, http:\/\/www.modernperde.com.tr\/wp-content\/uploads\/2025\/09\/6-4.jpg 1063w\" sizes=\"auto, (max-width: 1024px) 100vw, 1024px\" \/><\/figure>\n<\/figure>\n","protected":false},"excerpt":{"rendered":"<p>Perde ve Tekstil Aksesuarlar\u0131&#8230; Modern Perde, yaln\u0131zca perde ve hal\u0131 \u00e7\u00f6z\u00fcmleriyle de\u011fil; tamamlay\u0131c\u0131 aksesuar se\u00e7enekleriyle de ya\u015fam alanlar\u0131n\u0131za estetik ve b\u00fct\u00fcnl\u00fck kazand\u0131r\u0131yor. Perdeyi ya da mobilyay\u0131 do\u011fru aksesuarlarla tamamlamak, mek\u00e2n\u0131n kimli\u011fini \u00f6ne \u00e7\u0131kar\u0131r ve dekorasyonunuza benzersiz bir dokunu\u015f ekler. Rustik &amp; Perde Aksesuarlar\u0131Dekoratif rustik sistemler, perdelerinizi hem fonksiyonel hem de estetik bir \u015fekilde sergilemenize olanak [&hellip;]<\/p>\n","protected":false},"author":1,"featured_media":0,"parent":0,"menu_order":0,"comment_status":"open","ping_status":"closed","template":"","meta":{"footnotes":""},"class_list":["post-446","page","type-page","status-publish","hentry"],"_links":{"self":[{"href":"http:\/\/www.modernperde.com.tr\/index.php\/wp-json\/wp\/v2\/pages\/446","targetHints":{"allow":["GET"]}}],"collection":[{"href":"http:\/\/www.modernperde.com.tr\/index.php\/wp-json\/wp\/v2\/pages"}],"about":[{"href":"http:\/\/www.modernperde.com.tr\/index.php\/wp-json\/wp\/v2\/types\/page"}],"author":[{"embeddable":true,"href":"http:\/\/www.modernperde.com.tr\/index.php\/wp-json\/wp\/v2\/users\/1"}],"replies":[{"embeddable":true,"href":"http:\/\/www.modernperde.com.tr\/index.php\/wp-json\/wp\/v2\/comments?post=446"}],"version-history":[{"count":3,"href":"http:\/\/www.modernperde.com.tr\/index.php\/wp-json\/wp\/v2\/pages\/446\/revisions"}],"predecessor-version":[{"id":496,"href":"http:\/\/www.modernperde.com.tr\/index.php\/wp-json\/wp\/v2\/pages\/446\/revisions\/496"}],"wp:attachment":[{"href":"http:\/\/www.modernperde.com.tr\/index.php\/wp-json\/wp\/v2\/media?parent=446"}],"curies":[{"name":"wp","href":"https:\/\/api.w.org\/{rel}","templated":true}]}}