{"id":453,"date":"2025-09-09T16:03:08","date_gmt":"2025-09-09T16:03:08","guid":{"rendered":"http:\/\/www.modernperde.com.tr\/?page_id=453"},"modified":"2025-12-04T14:35:58","modified_gmt":"2025-12-04T14:35:58","slug":"aydinlatma","status":"publish","type":"page","link":"http:\/\/www.modernperde.com.tr\/index.php\/aydinlatma\/","title":{"rendered":"D\u00d6\u015eEME"},"content":{"rendered":"\n<p><strong>D\u00f6\u015feme Hizmetimiz&#8230;<\/strong><\/p>\n\n\n\n<p>Modern Perde olarak, ya\u015fam alanlar\u0131n\u0131za hem estetik hem konfor katan d\u00f6\u015femelik \u00e7\u00f6z\u00fcmler sunuyoruz. Geni\u015f marka yelpazemiz, kaliteli kuma\u015f koleksiyonlar\u0131m\u0131z ve profesyonel uygulama ekibimizle, koltuk ve mobilya d\u00f6\u015femelerinde uzun \u00f6m\u00fcrl\u00fc, modern ve kusursuz sonu\u00e7lar elde etmenizi sa\u011fl\u0131yoruz.<\/p>\n\n\n\n<p>D\u00f6\u015femelik kuma\u015f se\u00e7iminden, \u00f6l\u00e7\u00fclendirmeye ve uygulamaya kadar t\u00fcm s\u00fcre\u00e7te dan\u0131\u015fmanl\u0131k vererek m\u00fc\u015fterilerimizin ihtiya\u00e7lar\u0131na en uygun \u00e7\u00f6z\u00fcmleri sunuyoruz. Y\u00fczlerce renk, doku ve desen se\u00e7ene\u011fini bir araya getiren koleksiyonlar\u0131m\u0131z; dayan\u0131kl\u0131, leke tutmayan, su itici, kolay temizlenen, g\u00fcne\u015fe dayan\u0131kl\u0131 gibi farkl\u0131 teknik \u00f6zelliklere sahip alternatifler i\u00e7erir. B\u00f6ylece hem estetik beklentilerinize hem de kullan\u0131m ihtiya\u00e7lar\u0131n\u0131za en iyi \u015fekilde cevap veriyoruz.<\/p>\n\n\n\n<p>Modern, klasik, minimal, l\u00fcks ve spor tarzlardaki t\u00fcm dekorasyon anlay\u0131\u015flar\u0131na uyum sa\u011flayan d\u00f6\u015femelik kuma\u015flar\u0131m\u0131z; oturma gruplar\u0131, sandalye, puf, baza ba\u015fl\u0131\u011f\u0131, berjer, minder ve di\u011fer t\u00fcm \u00f6zel \u00fcretim projelerde rahatl\u0131kla kullan\u0131labilir. Ayr\u0131ca sekt\u00f6rde \u00f6ne \u00e7\u0131kan g\u00fc\u00e7l\u00fc kuma\u015f markalar\u0131 ile \u00e7al\u0131\u015farak kalite standartlar\u0131m\u0131z\u0131 daima y\u00fcksek tutuyoruz.<\/p>\n\n\n\n<p>Mobilyalar\u0131n\u0131z\u0131 s\u0131f\u0131rdan yenilemek yerine d\u00f6\u015feme de\u011fi\u015fikli\u011fi ile hem ekonomik hem de s\u00fcrd\u00fcr\u00fclebilir bir \u00e7\u00f6z\u00fcm elde edebilir, ya\u015fam alanlar\u0131n\u0131z\u0131 k\u0131sa s\u00fcrede modern bir g\u00f6r\u00fcn\u00fcme kavu\u015fturabilirsiniz. Uzman ustalar\u0131m\u0131z, titiz i\u015f\u00e7ili\u011fimiz ve h\u0131zl\u0131 teslimat s\u00fcrecimizle hem ev hem ticari mekanlar i\u00e7in profesyonel d\u00f6\u015feme hizmeti sunuyoruz.<\/p>\n\n\n\n<p>Kaliteli kuma\u015f se\u00e7enekleri, geni\u015f marka \u00e7e\u015fitlili\u011fi ve g\u00fcvenilir uygulama s\u00fcreci ile d\u00f6\u015feme ihtiya\u00e7lar\u0131n\u0131zda Modern Perde\u2019ye g\u00fcvenebilirsiniz.<\/p>\n","protected":false},"excerpt":{"rendered":"<p>D\u00f6\u015feme Hizmetimiz&#8230; Modern Perde olarak, ya\u015fam alanlar\u0131n\u0131za hem estetik hem konfor katan d\u00f6\u015femelik \u00e7\u00f6z\u00fcmler sunuyoruz. Geni\u015f marka yelpazemiz, kaliteli kuma\u015f koleksiyonlar\u0131m\u0131z ve profesyonel uygulama ekibimizle, koltuk ve mobilya d\u00f6\u015femelerinde uzun \u00f6m\u00fcrl\u00fc, modern ve kusursuz sonu\u00e7lar elde etmenizi sa\u011fl\u0131yoruz. D\u00f6\u015femelik kuma\u015f se\u00e7iminden, \u00f6l\u00e7\u00fclendirmeye ve uygulamaya kadar t\u00fcm s\u00fcre\u00e7te dan\u0131\u015fmanl\u0131k vererek m\u00fc\u015fterilerimizin ihtiya\u00e7lar\u0131na en uygun \u00e7\u00f6z\u00fcmleri sunuyoruz. [&hellip;]<\/p>\n","protected":false},"author":1,"featured_media":0,"parent":0,"menu_order":0,"comment_status":"open","ping_status":"closed","template":"","meta":{"footnotes":""},"class_list":["post-453","page","type-page","status-publish","hentry"],"_links":{"self":[{"href":"http:\/\/www.modernperde.com.tr\/index.php\/wp-json\/wp\/v2\/pages\/453","targetHints":{"allow":["GET"]}}],"collection":[{"href":"http:\/\/www.modernperde.com.tr\/index.php\/wp-json\/wp\/v2\/pages"}],"about":[{"href":"http:\/\/www.modernperde.com.tr\/index.php\/wp-json\/wp\/v2\/types\/page"}],"author":[{"embeddable":true,"href":"http:\/\/www.modernperde.com.tr\/index.php\/wp-json\/wp\/v2\/users\/1"}],"replies":[{"embeddable":true,"href":"http:\/\/www.modernperde.com.tr\/index.php\/wp-json\/wp\/v2\/comments?post=453"}],"version-history":[{"count":5,"href":"http:\/\/www.modernperde.com.tr\/index.php\/wp-json\/wp\/v2\/pages\/453\/revisions"}],"predecessor-version":[{"id":746,"href":"http:\/\/www.modernperde.com.tr\/index.php\/wp-json\/wp\/v2\/pages\/453\/revisions\/746"}],"wp:attachment":[{"href":"http:\/\/www.modernperde.com.tr\/index.php\/wp-json\/wp\/v2\/media?parent=453"}],"curies":[{"name":"wp","href":"https:\/\/api.w.org\/{rel}","templated":true}]}}